{"id":105,"date":"2016-07-20T02:12:04","date_gmt":"2016-07-20T00:12:04","guid":{"rendered":"https:\/\/www.lavikina.com\/de\/?page_id=105"},"modified":"2018-03-21T22:36:02","modified_gmt":"2018-03-21T21:36:02","slug":"ana-clara","status":"publish","type":"page","link":"https:\/\/www.lavikina.com\/de\/musik\/ana-clara\/","title":{"rendered":"Ana Clara"},"content":{"rendered":"<div id=\"artistbiography\" style=\"height:400px\">\n<div id=\"attachment_111\" style=\"width: 250px\" class=\"wp-caption alignleft\"><img loading=\"lazy\" decoding=\"async\" aria-describedby=\"caption-attachment-111\" class=\"wp-image-111 size-full\" src=\"https:\/\/www.lavikina.com\/de\/wp-content\/uploads\/sites\/3\/2016\/07\/AnaClara02.png\" alt=\"Ana Clara\" width=\"240\" height=\"360\" \/><p id=\"caption-attachment-111\" class=\"wp-caption-text\">Foto: Tita Padilha<\/p><\/div>\n<p>Ana Clara ist eine S\u00e4ngerin und Songschreiberin aus Bel\u00e9m (Par\u00e1, Amazonien, Brasilien). Sie ist auch eine Radiosprecherin, die 2010 und 2011 in Italien lebte, wo sie musikorientierten Rundfunk studierte.<\/p>\n<p>Ihre musikalische Arbeit besteht aus Popmusik welche Zartheit und Bissigkeit, Sanftheit und verzerrte Gitarren kombiniert. Sie hat eine EP (Can\u00e7\u00f5es de Depois &#8211; 2014 &#8211; CD und Vinyl) sowie ein Album (Ana Clara &#8211; 2015 &#8211; CD) ver\u00f6ffentlicht. Gerade hat sie mit der Planung der Produktion ihres neuen Albums begonnen.<\/p>\n<\/div>\n<div id=\"artistmusic\"><\/div>\n<div id=\"artistmisc\">\n<p>Ana Clara erz\u00e4hlt uns Besonderheiten \u00fcber ihre Songs:<\/p>\n<p>&#8222;<i>Prumar<\/i> ist ein Lied von Estevao Bertoni, einem Singer-songwriter aus Sao Paolo und es ist ein starker Song der mir Lust auf das volle Leben macht.&#8220;<\/p>\n<p>&#8222;<i>Souvenir<\/i> ist ein Song, den ich mit Sammliz und Ed Guerreiro, zwei Freunden, geschrieben habe. Zu jener Zeit lebten wir weit voneinander entfernt. Deshalb habe ich per Mail die W\u00f6rter geschickt und so haben wir es doch zusammen gemacht. Das St\u00fcck handelt von einer Liebe, die zuende ist. Ich lade euch ein, den Song anzuh\u00f6ren!&#8220;<\/p>\n<p>&#8222;<i>Polaroid sem cor<\/i> ist ein St\u00fcck, dass ich mit einigen K\u00fcnstlern geschrieben habe, die mir sehr gefallen &#8211; Toni Soares und Mariano Klautau Filho. Ich war bereits ein Fan von ihnen. Ich habe mit ihnen auch bei anderen Gelegenheiten zusammengearbeitet. Es ist ein wundersch\u00f6nes St\u00fcck!&#8220;<\/p>\n<p>&#8222;<i>Ele sabe dancar<\/i> ist ein St\u00fcck, dass ich mit Joao Lemos gemacht habe. Es handelt von einem Jungen der nur wenn niemand bei ihm ist, tanzen kann. Das passiert nur nachts, wenn niemand da ist &#8230; ohne Vorurteile &#8230; verstehst du?&#8220;<\/p>\n<\/div>\n<div id=\"artistvideos\">\n<h1>Videos:<\/h1>\n<div class=\"artistvideo\">\n<div class=\"postvideo\">\n<div class=\"video-container\">\n<iframe loading=\"lazy\" width=\"560\" height=\"315\" src=\"https:\/\/www.youtube.com\/embed\/cB8dVbvzc-s\" frameborder=\"0\" gesture=\"media\" allow=\"encrypted-media\" allowfullscreen><\/iframe>\n<\/div>\n<\/div>\n<div class=\"postvideo\">\n<div class=\"video-container\">\n<iframe loading=\"lazy\" width=\"560\" height=\"315\" src=\"https:\/\/www.youtube.com\/embed\/e8K10tbjQcc\" frameborder=\"0\" gesture=\"media\" allow=\"encrypted-media\" allowfullscreen><\/iframe>\n<\/div>\n<\/div>\n<\/div>\n<\/div>\n<div id=\"artistlinks\">\n<h1>Links:<\/h1>\n<p>Fanpage: <a href=\"https:\/\/www.facebook.com\/musica.anaclara\/\" target=\"_blank\" rel=\"noreferrer\">https:\/\/www.facebook.com\/musica.anaclara<\/a><\/p>\n<\/div>\n","protected":false},"excerpt":{"rendered":"<p>Ana Clara ist eine S\u00e4ngerin und Songschreiberin aus Bel\u00e9m (Par\u00e1, Amazonien, Brasilien). Sie ist auch eine Radiosprecherin, die 2010 und 2011 in Italien lebte, wo sie musikorientierten Rundfunk studierte. Ihre musikalische Arbeit besteht aus Popmusik welche Zartheit und Bissigkeit, Sanftheit und verzerrte Gitarren kombiniert. Sie hat eine EP (Can\u00e7\u00f5es de Depois &#8211; 2014 &#8211; CD und Vinyl) sowie ein Album (Ana Clara &#8211; 2015 &#8211; CD) ver\u00f6ffentlicht. Gerade hat sie mit der Planung der Produktion ihres neuen Albums begonnen. Ana Clara erz\u00e4hlt uns Besonderheiten \u00fcber ihre Songs: &#8222;Prumar ist ein<a class=\"read-more\" href=\"https:\/\/www.lavikina.com\/de\/musik\/ana-clara\/\"> [&#8230;]<\/a><\/p>\n","protected":false},"author":3,"featured_media":541,"parent":227,"menu_order":0,"comment_status":"closed","ping_status":"closed","template":"page-artistamusica.php","meta":{"footnotes":""},"class_list":["post-105","page","type-page","status-publish","has-post-thumbnail","hentry"],"_links":{"self":[{"href":"https:\/\/www.lavikina.com\/de\/wp-json\/wp\/v2\/pages\/105","targetHints":{"allow":["GET"]}}],"collection":[{"href":"https:\/\/www.lavikina.com\/de\/wp-json\/wp\/v2\/pages"}],"about":[{"href":"https:\/\/www.lavikina.com\/de\/wp-json\/wp\/v2\/types\/page"}],"author":[{"embeddable":true,"href":"https:\/\/www.lavikina.com\/de\/wp-json\/wp\/v2\/users\/3"}],"replies":[{"embeddable":true,"href":"https:\/\/www.lavikina.com\/de\/wp-json\/wp\/v2\/comments?post=105"}],"version-history":[{"count":48,"href":"https:\/\/www.lavikina.com\/de\/wp-json\/wp\/v2\/pages\/105\/revisions"}],"predecessor-version":[{"id":938,"href":"https:\/\/www.lavikina.com\/de\/wp-json\/wp\/v2\/pages\/105\/revisions\/938"}],"up":[{"embeddable":true,"href":"https:\/\/www.lavikina.com\/de\/wp-json\/wp\/v2\/pages\/227"}],"wp:featuredmedia":[{"embeddable":true,"href":"https:\/\/www.lavikina.com\/de\/wp-json\/wp\/v2\/media\/541"}],"wp:attachment":[{"href":"https:\/\/www.lavikina.com\/de\/wp-json\/wp\/v2\/media?parent=105"}],"curies":[{"name":"wp","href":"https:\/\/api.w.org\/{rel}","templated":true}]}}