{"id":225,"date":"2016-08-04T08:05:20","date_gmt":"2016-08-04T06:05:20","guid":{"rendered":"https:\/\/www.lavikina.com\/de\/?page_id=225"},"modified":"2018-03-21T22:41:21","modified_gmt":"2018-03-21T21:41:21","slug":"still-unfound","status":"publish","type":"page","link":"https:\/\/www.lavikina.com\/de\/musik\/still-unfound\/","title":{"rendered":"Still Unfound"},"content":{"rendered":"<div id=\"artistbiography\">\n<img loading=\"lazy\" decoding=\"async\" src=\"https:\/\/www.lavikina.com\/wp-content\/uploads\/2016\/07\/still_unfound02a.png\" alt=\"still_unfound02a\" width=\"350\" height=\"206\" class=\"alignleft size-full wp-image-436\" \/>Als ein Duo bestehend aus der Singer-songwriterin Laura Elle und dem Produzenten Roberto Spong-X sowie der Wahlheimat Bologna, zeigen sich Still Unfound in der Independentszene mit einem Sound, der sich zwischen Trip-Hop und Dubstep mit Elektro einschl\u00e4gen bewegt.<\/p>\n<p>Ein Sound reich an Verunreinigungen, wo sich die raffinierten Stimmmelodien mit einer Rockattit\u00fcde verbinden. Ihr Deb\u00fct feierten sie mit ihrer ersten EP im November 2015 auf allen digitalen Plattformen, was bald durch das sich gerade in Arbeit befindliche Album  vollendet wird. Synth, KaossPad, Loop station, Stimmeffekte und PC sind die Hauptelemente des Livesets, imstande dem Publikum intime H\u00f6rmomente zu schenken, wundersch\u00f6n und immersiv, wie in der Tradition des Trip Hop und des mehr experimentellen Elektro, abwechselnd mit Groove und Energie aus rockiger Erinnerung offen f\u00fcr Einsickerungen von mehr poppigen Melodien. Eine gut geeichte Mischung und stets in Evolution, auf der kontinuierlichen Erforschung der eigenen Stimme. Still Unfound steht f\u00fcr das, was fehlt, weil es noch nicht gefunden wurde. Eine Huldigung an die stetige Suche, Inspiration des Lebens.<\/p>\n<\/div>\n<div id=\"artistmusic\" style=\"height: 285px\"><\/div>\n<div id=\"artistvideos\">\n<h1>Videos:<\/h1>\n<div class=\"artistvideo\">\n<div class=\"postvideo\">\n<div class=\"video-container\">\n<iframe loading=\"lazy\" width=\"560\" height=\"315\" src=\"https:\/\/www.youtube.com\/embed\/A4Vsz_REw_o\" frameborder=\"0\" gesture=\"media\" allow=\"encrypted-media\" allowfullscreen><\/iframe>\n<\/div>\n<\/div>\n<\/div>\n<\/div>\n","protected":false},"excerpt":{"rendered":"<p>Als ein Duo bestehend aus der Singer-songwriterin Laura Elle und dem Produzenten Roberto Spong-X sowie der Wahlheimat Bologna, zeigen sich Still Unfound in der Independentszene mit einem Sound, der sich zwischen Trip-Hop und Dubstep mit Elektro einschl\u00e4gen bewegt. Ein Sound reich an Verunreinigungen, wo sich die raffinierten Stimmmelodien mit einer Rockattit\u00fcde verbinden. Ihr Deb\u00fct feierten sie mit ihrer ersten EP im November 2015 auf allen digitalen Plattformen, was bald durch das sich gerade in Arbeit befindliche Album vollendet wird. Synth, KaossPad, Loop station, Stimmeffekte und PC sind die Hauptelemente des<a class=\"read-more\" href=\"https:\/\/www.lavikina.com\/de\/musik\/still-unfound\/\"> [&#8230;]<\/a><\/p>\n","protected":false},"author":3,"featured_media":546,"parent":227,"menu_order":0,"comment_status":"closed","ping_status":"closed","template":"page-artistamusica.php","meta":{"footnotes":""},"class_list":["post-225","page","type-page","status-publish","has-post-thumbnail","hentry"],"_links":{"self":[{"href":"https:\/\/www.lavikina.com\/de\/wp-json\/wp\/v2\/pages\/225","targetHints":{"allow":["GET"]}}],"collection":[{"href":"https:\/\/www.lavikina.com\/de\/wp-json\/wp\/v2\/pages"}],"about":[{"href":"https:\/\/www.lavikina.com\/de\/wp-json\/wp\/v2\/types\/page"}],"author":[{"embeddable":true,"href":"https:\/\/www.lavikina.com\/de\/wp-json\/wp\/v2\/users\/3"}],"replies":[{"embeddable":true,"href":"https:\/\/www.lavikina.com\/de\/wp-json\/wp\/v2\/comments?post=225"}],"version-history":[{"count":12,"href":"https:\/\/www.lavikina.com\/de\/wp-json\/wp\/v2\/pages\/225\/revisions"}],"predecessor-version":[{"id":941,"href":"https:\/\/www.lavikina.com\/de\/wp-json\/wp\/v2\/pages\/225\/revisions\/941"}],"up":[{"embeddable":true,"href":"https:\/\/www.lavikina.com\/de\/wp-json\/wp\/v2\/pages\/227"}],"wp:featuredmedia":[{"embeddable":true,"href":"https:\/\/www.lavikina.com\/de\/wp-json\/wp\/v2\/media\/546"}],"wp:attachment":[{"href":"https:\/\/www.lavikina.com\/de\/wp-json\/wp\/v2\/media?parent=225"}],"curies":[{"name":"wp","href":"https:\/\/api.w.org\/{rel}","templated":true}]}}