{"id":285,"date":"2016-08-03T22:46:49","date_gmt":"2016-08-03T20:46:49","guid":{"rendered":"https:\/\/www.lavikina.com\/de\/?page_id=285"},"modified":"2018-03-21T22:38:01","modified_gmt":"2018-03-21T21:38:01","slug":"l-armeria-dei-briganti","status":"publish","type":"page","link":"https:\/\/www.lavikina.com\/de\/musik\/l-armeria-dei-briganti\/","title":{"rendered":"L&#8217;Armeria Dei Briganti"},"content":{"rendered":"<div id=\"artistbiography\"><img loading=\"lazy\" decoding=\"async\" class=\"alignleft size-full wp-image-436\" src=\"https:\/\/www.lavikina.com\/wp-content\/uploads\/2016\/08\/l_armeria_dei_briganti.png\" alt=\"L'Armeria Dei Briganti\" width=\"350\" height=\"346\" \/>L&#8217;Armeria dei Briganti ist eine 7-k\u00f6pfige sardische Band mit Renzo Cugis (Gesang und Gitarre), Samuele Dess\u00ec (Gitarre und Gesang), Andrea Murru (Gitarre, Mandoline und Gesang), Stefano Piras (Gitarre, Ukulele und Gesang) Andrea Lai (Kontrabass und Gesang), Diego Deiana (Violine und Akkordeon), Mario Marino (Schlagzeug).Eine Mischung aus Swing, Singer-songwriter, Gypsy-Jazz und gelegentlichem Wiedereinfangen von pr\u00e4chtigen St\u00fccken, welche von TV und Werbung misshandelt wurden, mit fortw\u00e4hrendem Zwinkern Richtung franz\u00f6sischem Chanson, von Sanseverino bis Vian.<\/p>\n<p>Unwiderstehliche Anderthalbstunden aus Liedern bilden ein &#8222;originelles&#8220; Repertoire, Frucht eines unversch\u00e4mten Entwendens ohne Vergleich: hausgemachte St\u00fccke verschmelzen zwecks Neudichtung mit Fremden Liedern ihrerseits \u00fcbersetzt oder im Text verdreht; vertonte Erz\u00e4hlungen von kleinen, pers\u00f6nlichen Trag\u00f6dien, von titanenhaften Unternehmungen, Texte, die ironisch und entmystifizierend erz\u00e4hlen von unm\u00f6glicher Liebe bis hin zum Prekariat der Arbeit. Zwischen Theater und Musik entsteht ein fesselndes Konzert, das bisweilen, im Angesicht dessen, der es f\u00fcr &#8222;S\u00fcnde&#8220; h\u00e4lt, auch unterhaltsam ist.<\/p>\n<p>&#8222;Gebt uns eine B\u00fchne und wir Muntern euch auf&#8220;: dies ist ein Teil ihres Mottos und nicht durch Zufall geh\u00f6ren Interaktion mit dem Publikum und Ironie zu den tragenden Elementen ihrer Art und Weise Musik und Spektakel zu verstehen.<\/p>\n<\/div>\n<div id=\"artistmusic\" style=\"height: 235px;\"><\/div>\n<div id=\"artistvideos\">\n<h1>Videos:<\/h1>\n<div class=\"artistvideo\">\n<div class=\"postvideo\">\n<div class=\"video-container\">\n<iframe loading=\"lazy\" width=\"560\" height=\"315\" src=\"https:\/\/www.youtube.com\/embed\/eke2-Rzhz0I\" frameborder=\"0\" gesture=\"media\" allow=\"encrypted-media\" allowfullscreen><\/iframe>\n<\/div>\n<\/div>\n<\/div>\n<\/div>\n<div id=\"artistlinks\">\n<h1>Links:<\/h1>\n<p>Fanpage: <a href=\"https:\/\/www.facebook.com\/armeriadeibriganti\" target=\"_blank\" rel=\"noreferrer\">https:\/\/www.facebook.com\/armeriadeibriganti\/<\/a><\/p>\n<\/div>\n","protected":false},"excerpt":{"rendered":"<p>L&#8217;Armeria dei Briganti ist eine 7-k\u00f6pfige sardische Band mit Renzo Cugis (Gesang und Gitarre), Samuele Dess\u00ec (Gitarre und Gesang), Andrea Murru (Gitarre, Mandoline und Gesang), Stefano Piras (Gitarre, Ukulele und Gesang) Andrea Lai (Kontrabass und Gesang), Diego Deiana (Violine und Akkordeon), Mario Marino (Schlagzeug).Eine Mischung aus Swing, Singer-songwriter, Gypsy-Jazz und gelegentlichem Wiedereinfangen von pr\u00e4chtigen St\u00fccken, welche von TV und Werbung misshandelt wurden, mit fortw\u00e4hrendem Zwinkern Richtung franz\u00f6sischem Chanson, von Sanseverino bis Vian. Unwiderstehliche Anderthalbstunden aus Liedern bilden ein &#8222;originelles&#8220; Repertoire, Frucht eines unversch\u00e4mten Entwendens ohne Vergleich: hausgemachte St\u00fccke verschmelzen zwecks<a class=\"read-more\" href=\"https:\/\/www.lavikina.com\/de\/musik\/l-armeria-dei-briganti\/\"> [&#8230;]<\/a><\/p>\n","protected":false},"author":3,"featured_media":544,"parent":227,"menu_order":0,"comment_status":"closed","ping_status":"closed","template":"page-artistamusica.php","meta":{"footnotes":""},"class_list":["post-285","page","type-page","status-publish","has-post-thumbnail","hentry"],"_links":{"self":[{"href":"https:\/\/www.lavikina.com\/de\/wp-json\/wp\/v2\/pages\/285","targetHints":{"allow":["GET"]}}],"collection":[{"href":"https:\/\/www.lavikina.com\/de\/wp-json\/wp\/v2\/pages"}],"about":[{"href":"https:\/\/www.lavikina.com\/de\/wp-json\/wp\/v2\/types\/page"}],"author":[{"embeddable":true,"href":"https:\/\/www.lavikina.com\/de\/wp-json\/wp\/v2\/users\/3"}],"replies":[{"embeddable":true,"href":"https:\/\/www.lavikina.com\/de\/wp-json\/wp\/v2\/comments?post=285"}],"version-history":[{"count":17,"href":"https:\/\/www.lavikina.com\/de\/wp-json\/wp\/v2\/pages\/285\/revisions"}],"predecessor-version":[{"id":939,"href":"https:\/\/www.lavikina.com\/de\/wp-json\/wp\/v2\/pages\/285\/revisions\/939"}],"up":[{"embeddable":true,"href":"https:\/\/www.lavikina.com\/de\/wp-json\/wp\/v2\/pages\/227"}],"wp:featuredmedia":[{"embeddable":true,"href":"https:\/\/www.lavikina.com\/de\/wp-json\/wp\/v2\/media\/544"}],"wp:attachment":[{"href":"https:\/\/www.lavikina.com\/de\/wp-json\/wp\/v2\/media?parent=285"}],"curies":[{"name":"wp","href":"https:\/\/api.w.org\/{rel}","templated":true}]}}