{"id":35,"date":"2016-05-10T09:50:38","date_gmt":"2016-05-10T07:50:38","guid":{"rendered":"https:\/\/www.lavikina.com\/de\/?page_id=35"},"modified":"2016-10-23T15:35:03","modified_gmt":"2016-10-23T13:35:03","slug":"fotogramas","status":"publish","type":"page","link":"https:\/\/www.lavikina.com\/de\/blog\/von-allem-etwas\/fotogramas\/","title":{"rendered":"Fotogramas"},"content":{"rendered":"<p>Die Autorin von Fotogramas, <strong>Jazm\u00edn Camacho<\/strong> &#8211; geboren in Mexiko &#8211; definiert sich als Liebhaberin von Hunden und gutem Essen. Ihre Leidenschaft ist es, all ihre Sinne mit k\u00fcnstlerischen Ausdrucksformen zu f\u00fcllen, welche diese Welt zu einem besseren Ort machen. Videographin von Beruf und Filmfreundin von Herzen. Seit ihrer Kindheit ist das Kino f\u00fcr sie eine gro\u00dfe Liebe, ein Fenster, welches es ihr gestattet die tats\u00e4chliche oder imagin\u00e4re Welt zu entdecken. Eine Kunst, die das Herz eines jeden ber\u00fchren kann, der sich auf die Geschichten einl\u00e4sst, denn wie Jean-Luc Godard sagte: &#8222;Das Kino ist keine Kunst, die das Leben festh\u00e4lt; das Kino ist zwischen der Kunst und dem Leben&#8220;.<\/p>\n","protected":false},"excerpt":{"rendered":"<p>Die Autorin von Fotogramas, Jazm\u00edn Camacho &#8211; geboren in Mexiko &#8211; definiert sich als Liebhaberin von Hunden und gutem Essen. Ihre Leidenschaft ist es, all ihre Sinne mit k\u00fcnstlerischen Ausdrucksformen zu f\u00fcllen, welche diese Welt zu einem besseren Ort machen. Videographin von Beruf und Filmfreundin von Herzen. Seit ihrer Kindheit ist das Kino f\u00fcr sie eine gro\u00dfe Liebe, ein Fenster, welches es ihr gestattet die tats\u00e4chliche oder imagin\u00e4re Welt zu entdecken. Eine Kunst, die das Herz eines jeden ber\u00fchren kann, der sich auf die Geschichten einl\u00e4sst, denn wie Jean-Luc Godard<a class=\"read-more\" href=\"https:\/\/www.lavikina.com\/de\/blog\/von-allem-etwas\/fotogramas\/\"> [&#8230;]<\/a><\/p>\n","protected":false},"author":1,"featured_media":0,"parent":33,"menu_order":0,"comment_status":"closed","ping_status":"closed","template":"page-blogfotogramas.php","meta":{"footnotes":""},"class_list":["post-35","page","type-page","status-publish","hentry"],"_links":{"self":[{"href":"https:\/\/www.lavikina.com\/de\/wp-json\/wp\/v2\/pages\/35","targetHints":{"allow":["GET"]}}],"collection":[{"href":"https:\/\/www.lavikina.com\/de\/wp-json\/wp\/v2\/pages"}],"about":[{"href":"https:\/\/www.lavikina.com\/de\/wp-json\/wp\/v2\/types\/page"}],"author":[{"embeddable":true,"href":"https:\/\/www.lavikina.com\/de\/wp-json\/wp\/v2\/users\/1"}],"replies":[{"embeddable":true,"href":"https:\/\/www.lavikina.com\/de\/wp-json\/wp\/v2\/comments?post=35"}],"version-history":[{"count":6,"href":"https:\/\/www.lavikina.com\/de\/wp-json\/wp\/v2\/pages\/35\/revisions"}],"predecessor-version":[{"id":104,"href":"https:\/\/www.lavikina.com\/de\/wp-json\/wp\/v2\/pages\/35\/revisions\/104"}],"up":[{"embeddable":true,"href":"https:\/\/www.lavikina.com\/de\/wp-json\/wp\/v2\/pages\/33"}],"wp:attachment":[{"href":"https:\/\/www.lavikina.com\/de\/wp-json\/wp\/v2\/media?parent=35"}],"curies":[{"name":"wp","href":"https:\/\/api.w.org\/{rel}","templated":true}]}}