{"id":363,"date":"2016-08-18T21:29:05","date_gmt":"2016-08-18T19:29:05","guid":{"rendered":"https:\/\/www.lavikina.com\/de\/?page_id=363"},"modified":"2018-03-21T22:34:34","modified_gmt":"2018-03-21T21:34:34","slug":"calzada-de-los-muertos","status":"publish","type":"page","link":"https:\/\/www.lavikina.com\/de\/musik\/calzada-de-los-muertos\/","title":{"rendered":"Calzada De Los Muertos"},"content":{"rendered":"<div id=\"artistbiography\">\n<img loading=\"lazy\" decoding=\"async\" class=\"alignleft size-full\" src=\"https:\/\/www.lavikina.com\/wp-content\/uploads\/2016\/11\/lcdlm1.jpg\" alt=\"Calzada De Los Muertos\" width=\"340\" height=\"340\" \/>Calzada de los Muertos ist eine Band, die lateinamerikanische Musik macht und dabei Stile von Rock, Punk, Ska, Funk und Rap mit tanzbaren Latino-Rhythmen wie der Salsa, der Cumbia, dem Merengue oder auch europ\u00e4ischen Einfl\u00fcssen wie der Polka fusioniert.<\/p>\n<p>Nachdem sie seit 2004 mit H\u00e9ctor Jaimes \u201cEl P\u00edpila\u201d am Keyboard, Isaac Mart\u00ednez an der Gitarre und Fernando Soto an der Perkussion und Gesang auftraten, haben sie sich sp\u00e4ter in eine Band mit vielf\u00e4ltigen Elemente verwandelt, die sich experimentierfreudig zeigt und vielf\u00e4ltige Instrumente in unterschiedlichen Rollen einbindet: Tubas, Trombone, Saxophon, Trompete, Congas, Bongos, Violinen, Gitarren, Synthesizer bis hin zum DJ Plattenteller kann man in ihrem musikalischen Repertoire h\u00f6ren.<\/p>\n<p>Ihre erste CD war \u201cLa Muerte con Charango\u201d und wurde 2005 produziert. Sie beinhaltet Lieder wie \u201cSigo Caminando\u201d, \u201cLa Llorona\u201d, \u201cPedro Infante Ska\u201d und \u201cRevoluci\u00f3n\u201d, die heute noch die Fans der Band bei Konzerten zum tanzen bringen. Ebenfalls mit diesem Album haben sich La Calzada de Los Muertos auf unterschiedliche Touren in Zentraleuropa und Mexiko begeben.<\/p>\n<p>Die Gruppe wurde in Berlin gegr\u00fcndet und verfolgte seither eine Undergroundkarriere, wobei sie stets in eher unbekannten Orten spielten. Neben Jazzclubs, Kulturforen, Festivals, Punkclubs, Sozialzentren und Kneipen haben sie aber auch einige Auftritte im \u00f6ffentlichen Fernsehen absolviert.<\/p>\n<p>Urspr\u00fcnglich ist die Band ausschliesslich mexikanischer Herkunft, hat aber mit der Zeit immer mehr Mitglieder unterschiedlichster Nationalit\u00e4ten adoptiert und wichtige Kollaborationen mit anderen in Berlin und Mexiko bekannten K\u00fcnstlern umgesetzt. Dazu geh\u00f6ren die Bulgarin Kate Witt, der S\u00e4nger von Panteon Rococo Dr. Shenka und die Mariachi aus Deutschland &#8222;El Dorado&#8220;.<\/p>\n<p>Im Moment bereiten sie ihr neues Album &#8222;Team Muertos&#8220; vor, mit unver\u00f6ffentlichten Material und ein Remix des Songs &#8222;Pedro Infante Ska&#8220;, welchen man in diversen Sozialen Medien anh\u00f6ren kann. Die Formation besteht derzeit aus: Peter Schwartz, Dami\u00e1n Sardo, Ike Grame, Fernando Soto, Isaac Mart\u00ednez Juli\u00e1n und Kurt, sowie H\u00e9ctor Jaimes als Komponist.<\/p>\n<\/div>\n<div id=\"artistmusic\" style=\"height: 250px;\"><\/div>\n<div id=\"artistvideos\">\n<h1>Videos:<\/h1>\n<div class=\"artistvideo\">\n<div class=\"postvideo\">\n<div class=\"video-container\">\n<iframe loading=\"lazy\" width=\"560\" height=\"315\" src=\"https:\/\/www.youtube.com\/embed\/SW1-w90wavM\" frameborder=\"0\" gesture=\"media\" allow=\"encrypted-media\" allowfullscreen><\/iframe>\n<\/div>\n<\/div>\n<\/div>\n<\/div>\n<div id=\"artistlinks\">\n<h1>Links:<\/h1>\n<p>Fanpage: <a href=\"https:\/\/www.facebook.com\/lacalzadadelosmuertos\/\" target=\"_blank\" rel=\"noreferrer\">https:\/\/www.facebook.com\/lacalzadadelosmuertos<\/a><\/p>\n<\/div>\n","protected":false},"excerpt":{"rendered":"<p>Calzada de los Muertos ist eine Band, die lateinamerikanische Musik macht und dabei Stile von Rock, Punk, Ska, Funk und Rap mit tanzbaren Latino-Rhythmen wie der Salsa, der Cumbia, dem Merengue oder auch europ\u00e4ischen Einfl\u00fcssen wie der Polka fusioniert. Nachdem sie seit 2004 mit H\u00e9ctor Jaimes \u201cEl P\u00edpila\u201d am Keyboard, Isaac Mart\u00ednez an der Gitarre und Fernando Soto an der Perkussion und Gesang auftraten, haben sie sich sp\u00e4ter in eine Band mit vielf\u00e4ltigen Elemente verwandelt, die sich experimentierfreudig zeigt und vielf\u00e4ltige Instrumente in unterschiedlichen Rollen einbindet: Tubas, Trombone, Saxophon, Trompete,<a class=\"read-more\" href=\"https:\/\/www.lavikina.com\/de\/musik\/calzada-de-los-muertos\/\"> [&#8230;]<\/a><\/p>\n","protected":false},"author":3,"featured_media":609,"parent":227,"menu_order":0,"comment_status":"closed","ping_status":"closed","template":"page-artistamusica.php","meta":{"footnotes":""},"class_list":["post-363","page","type-page","status-publish","has-post-thumbnail","hentry"],"_links":{"self":[{"href":"https:\/\/www.lavikina.com\/de\/wp-json\/wp\/v2\/pages\/363","targetHints":{"allow":["GET"]}}],"collection":[{"href":"https:\/\/www.lavikina.com\/de\/wp-json\/wp\/v2\/pages"}],"about":[{"href":"https:\/\/www.lavikina.com\/de\/wp-json\/wp\/v2\/types\/page"}],"author":[{"embeddable":true,"href":"https:\/\/www.lavikina.com\/de\/wp-json\/wp\/v2\/users\/3"}],"replies":[{"embeddable":true,"href":"https:\/\/www.lavikina.com\/de\/wp-json\/wp\/v2\/comments?post=363"}],"version-history":[{"count":27,"href":"https:\/\/www.lavikina.com\/de\/wp-json\/wp\/v2\/pages\/363\/revisions"}],"predecessor-version":[{"id":937,"href":"https:\/\/www.lavikina.com\/de\/wp-json\/wp\/v2\/pages\/363\/revisions\/937"}],"up":[{"embeddable":true,"href":"https:\/\/www.lavikina.com\/de\/wp-json\/wp\/v2\/pages\/227"}],"wp:featuredmedia":[{"embeddable":true,"href":"https:\/\/www.lavikina.com\/de\/wp-json\/wp\/v2\/media\/609"}],"wp:attachment":[{"href":"https:\/\/www.lavikina.com\/de\/wp-json\/wp\/v2\/media?parent=363"}],"curies":[{"name":"wp","href":"https:\/\/api.w.org\/{rel}","templated":true}]}}