{"id":39,"date":"2016-05-10T09:51:20","date_gmt":"2016-05-10T07:51:20","guid":{"rendered":"https:\/\/www.lavikina.com\/de\/?page_id=39"},"modified":"2016-10-23T20:36:44","modified_gmt":"2016-10-23T18:36:44","slug":"wer-sind-wir","status":"publish","type":"page","link":"https:\/\/www.lavikina.com\/de\/wer-sind-wir\/","title":{"rendered":"Wer sind wir?"},"content":{"rendered":"<p>LaVikina ist ein offenes Fenster wo Geschichten \u00fcber Leuten erz\u00e4hlt, Orte vorgestellt, Ereignisse geschildert, Standpunkte ausgetauscht und Realit\u00e4ten entdeckt werden. LaVikina hat weder einen Ursprungs- noch eine festen Standort, deswegen ist sie hier und dort, so wie ihre Autoren und ihre Inhalte. Die linguistische \u00dcbersetzung und die &#8222;kulturelle&#8220; Interpretation sind die Art und Weise des Erz\u00e4hlens von LaVikina.<\/p>\n<p>Dank der Beitr\u00e4ge von Freiwilligen kann LaVikina auf ihren Seiten kreative Inhalte vorstellen. Auf LaVikina sind wir offen f\u00fcr jegliche Kritik aber akzeptieren keinerlei Art von Diskriminierung.<\/p>\n<p>Wenn Du mit einer der Personen, welche Teil von LaVikina sind, in Kontakt treten m\u00f6chtest, dann schreib&#8216; uns. Wir w\u00fcrden uns dar\u00fcber freuen zu h\u00f6ren, was Du uns sagen m\u00f6chtest. Und wenn Du kreative Beitr\u00e4ge oder Tr\u00e4ume in der Schublade hast oder Du uns einfach gerne die Geschichte Deines Lebens erz\u00e4hlen m\u00f6chtest, dann laden wir Dich herzlich ein, uns zu kontaktieren.<\/p>\n","protected":false},"excerpt":{"rendered":"<p>LaVikina ist ein offenes Fenster wo Geschichten \u00fcber Leuten erz\u00e4hlt, Orte vorgestellt, Ereignisse geschildert, Standpunkte ausgetauscht und Realit\u00e4ten entdeckt werden. LaVikina hat weder einen Ursprungs- noch eine festen Standort, deswegen ist sie hier und dort, so wie ihre Autoren und ihre Inhalte. Die linguistische \u00dcbersetzung und die &#8222;kulturelle&#8220; Interpretation sind die Art und Weise des Erz\u00e4hlens von LaVikina. Dank der Beitr\u00e4ge von Freiwilligen kann LaVikina auf ihren Seiten kreative Inhalte vorstellen. Auf LaVikina sind wir offen f\u00fcr jegliche Kritik aber akzeptieren keinerlei Art von Diskriminierung. Wenn Du mit einer der<a class=\"read-more\" href=\"https:\/\/www.lavikina.com\/de\/wer-sind-wir\/\"> [&#8230;]<\/a><\/p>\n","protected":false},"author":1,"featured_media":0,"parent":0,"menu_order":0,"comment_status":"closed","ping_status":"closed","template":"page-quienessomos.php","meta":{"footnotes":""},"class_list":["post-39","page","type-page","status-publish","hentry"],"_links":{"self":[{"href":"https:\/\/www.lavikina.com\/de\/wp-json\/wp\/v2\/pages\/39","targetHints":{"allow":["GET"]}}],"collection":[{"href":"https:\/\/www.lavikina.com\/de\/wp-json\/wp\/v2\/pages"}],"about":[{"href":"https:\/\/www.lavikina.com\/de\/wp-json\/wp\/v2\/types\/page"}],"author":[{"embeddable":true,"href":"https:\/\/www.lavikina.com\/de\/wp-json\/wp\/v2\/users\/1"}],"replies":[{"embeddable":true,"href":"https:\/\/www.lavikina.com\/de\/wp-json\/wp\/v2\/comments?post=39"}],"version-history":[{"count":4,"href":"https:\/\/www.lavikina.com\/de\/wp-json\/wp\/v2\/pages\/39\/revisions"}],"predecessor-version":[{"id":403,"href":"https:\/\/www.lavikina.com\/de\/wp-json\/wp\/v2\/pages\/39\/revisions\/403"}],"wp:attachment":[{"href":"https:\/\/www.lavikina.com\/de\/wp-json\/wp\/v2\/media?parent=39"}],"curies":[{"name":"wp","href":"https:\/\/api.w.org\/{rel}","templated":true}]}}