{"id":174,"date":"2016-08-04T08:05:43","date_gmt":"2016-08-04T06:05:43","guid":{"rendered":"https:\/\/www.lavikina.com\/it\/?page_id=174"},"modified":"2018-03-21T22:41:31","modified_gmt":"2018-03-21T21:41:31","slug":"still-unfound","status":"publish","type":"page","link":"https:\/\/www.lavikina.com\/it\/musica\/still-unfound\/","title":{"rendered":"Still Unfound"},"content":{"rendered":"<div id=\"artistbiography\">\n<img loading=\"lazy\" decoding=\"async\" src=\"https:\/\/www.lavikina.com\/wp-content\/uploads\/2016\/07\/still_unfound02a.png\" alt=\"still_unfound02a\" width=\"350\" height=\"206\" class=\"alignleft size-full wp-image-436\" \/><\/p>\n<p>Duo bolognese d\u2019adozione composto dalla cantante \/ songwriter Laura Elle e dal producer Roberto Spong-X, gli Still Unfound si affacciano sul panorama indipendente con un sound che spazia dal trip-hop al dub passando per l&#8217;elettronica. <\/p>\n<p>Un sound ricco di contaminazioni, dove le raffinate melodie vocali si sposano con un&#8217;attitudine di spirito rock, inaugurato con un primo EP uscito a Novembre 2015 su tutti i distributori digitali e che sar\u00e0 ulteriormente definito nell\u2019album in lavorazione. Synth, KaossPad, Loop station, effetti voce e PC sono gli elementi principali del set usato per le performance live, capaci di regalare al pubblico momenti di ascolto intimo, immaginifico e immersivo, come da tradizione del trip hop e dell\u2019elettronica pi\u00f9 sperimentale, alternati a esplosioni di groove ed energia di rockeggiante memoria aperte a infiltrazioni melodiche pi\u00f9 pop. Una miscela ben calibrata e sempre in evoluzione, alla continua esplorazione della propria voce. Still Unfound sta per ci\u00f2 che manca, perch\u00e9 non \u00e8 stato ancora trovato. Un omaggio alla ricerca costante, ispiratrice di vita.<\/p>\n<\/div>\n<div id=\"artistmusic\" style=\"height: 285px\"><\/div>\n<div id=\"artistvideos\">\n<h1>Videos:<\/h1>\n<div class=\"artistvideo\">\n<div class=\"postvideo\">\n<div class=\"video-container\">\n<iframe loading=\"lazy\" width=\"560\" height=\"315\" src=\"https:\/\/www.youtube.com\/embed\/A4Vsz_REw_o\" frameborder=\"0\" gesture=\"media\" allow=\"encrypted-media\" allowfullscreen><\/iframe>\n<\/div>\n<\/div>\n<\/div>\n<\/div>\n","protected":false},"excerpt":{"rendered":"<p>Duo bolognese d\u2019adozione composto dalla cantante \/ songwriter Laura Elle e dal producer Roberto Spong-X, gli Still Unfound si affacciano sul panorama indipendente con un sound che spazia dal trip-hop al dub passando per l&#8217;elettronica. Un sound ricco di contaminazioni, dove le raffinate melodie vocali si sposano con un&#8217;attitudine di spirito rock, inaugurato con un primo EP uscito a Novembre 2015 su tutti i distributori digitali e che sar\u00e0 ulteriormente definito nell\u2019album in lavorazione. Synth, KaossPad, Loop station, effetti voce e PC sono gli elementi principali del set usato per<a class=\"read-more\" href=\"https:\/\/www.lavikina.com\/it\/musica\/still-unfound\/\"> [&#8230;]<\/a><\/p>\n","protected":false},"author":3,"featured_media":491,"parent":176,"menu_order":0,"comment_status":"closed","ping_status":"closed","template":"page-artistamusica.php","meta":{"footnotes":""},"class_list":["post-174","page","type-page","status-publish","has-post-thumbnail","hentry"],"_links":{"self":[{"href":"https:\/\/www.lavikina.com\/it\/wp-json\/wp\/v2\/pages\/174","targetHints":{"allow":["GET"]}}],"collection":[{"href":"https:\/\/www.lavikina.com\/it\/wp-json\/wp\/v2\/pages"}],"about":[{"href":"https:\/\/www.lavikina.com\/it\/wp-json\/wp\/v2\/types\/page"}],"author":[{"embeddable":true,"href":"https:\/\/www.lavikina.com\/it\/wp-json\/wp\/v2\/users\/3"}],"replies":[{"embeddable":true,"href":"https:\/\/www.lavikina.com\/it\/wp-json\/wp\/v2\/comments?post=174"}],"version-history":[{"count":18,"href":"https:\/\/www.lavikina.com\/it\/wp-json\/wp\/v2\/pages\/174\/revisions"}],"predecessor-version":[{"id":757,"href":"https:\/\/www.lavikina.com\/it\/wp-json\/wp\/v2\/pages\/174\/revisions\/757"}],"up":[{"embeddable":true,"href":"https:\/\/www.lavikina.com\/it\/wp-json\/wp\/v2\/pages\/176"}],"wp:featuredmedia":[{"embeddable":true,"href":"https:\/\/www.lavikina.com\/it\/wp-json\/wp\/v2\/media\/491"}],"wp:attachment":[{"href":"https:\/\/www.lavikina.com\/it\/wp-json\/wp\/v2\/media?parent=174"}],"curies":[{"name":"wp","href":"https:\/\/api.w.org\/{rel}","templated":true}]}}