{"id":362,"date":"2016-08-18T21:31:04","date_gmt":"2016-08-18T19:31:04","guid":{"rendered":"https:\/\/www.lavikina.com\/it\/?page_id=362"},"modified":"2018-03-21T22:34:49","modified_gmt":"2018-03-21T21:34:49","slug":"calzada-de-los-muertos","status":"publish","type":"page","link":"https:\/\/www.lavikina.com\/it\/musica\/calzada-de-los-muertos\/","title":{"rendered":"Calzada De Los Muertos"},"content":{"rendered":"<div id=\"artistbiography\"><img loading=\"lazy\" decoding=\"async\" class=\"alignleft size-full\" src=\"https:\/\/www.lavikina.com\/wp-content\/uploads\/2016\/11\/lcdlm1.jpg\" alt=\"Calzada De Los Muertos\" width=\"340\" height=\"340\" \/>La Calzada de los Muertos una band di musica latinoamericana, nata a Berlino, capace di amalgamare ritmi alternativi quali il rock, il punk, lo ska, il funk e il rap con il merengue, la salsa e la cumbia. Ritmi latini e alternativi mescolati con qualche pizzico di folklore europeo.<br \/>\nNati come trio nel 2004, H\u00e9ctor Jaimes \u201cEl P\u00edpila\u201d alla tastiera, Isaac Mart\u00ednez alla chitarra e Fernando Soto alle percussioni e voce, hanno coinvolto con il tempo altri musicisti e sono adesso una Band molto numerosa. Un gruppo che sempre ha sperimentato e ha aggiunto alle proprie composizioni diversi strumenti: nel suo repertorio musicale sono presenti le tube, i tromboni, i sassofoni, la trompeta, le conghe, i bonghi, i violini, le chitarre, i sintetizzatori elettronici e perfino la tecnica del mixaggio dei DJ.<\/p>\n<p>Il primo disco del gruppo \u201cLa Muerte con Charango\u201d, prodotto nel 2005, contiene canzoni quali \u201cSigo Caminando\u201d, \u201cLa Llorona\u201d, \u201cPedro Infante Ska\u201d e \u201cRevoluci\u00f3n\u201d, che ancora oggi continuano a fare ballare i suoi fans nei concerti. Con questo \u00e1lbum La Calzada de Los Muertos ha realizzato diverse tourn\u00e8 in tutta l\u2019 Europa centrale e in Messico.<\/p>\n<p>Il gruppo, ha costruito la sua carriera nell\u2019ambiente underground, suonando sempre in posti di basso profilo: club punk, festival alternativi, centri sociali, bar, e balere , ma ha anche avuto diverse presentazioni in TV e radio, stato perfino definito da un importante giornalista messicano, Ricardo Rocha,<br \/>\ncome un &#8220;grupazazo&#8221; (una super band). Anche la TV tedesca ha dedicato spazi a questa band alternativa. La band, che in origine era totalmente messicana, piano piano ha adottato membri di molti altri paesi e ha avuto importanti contributi e collaborazioni di artisti conosciuti a Berlino e in Messico come la cantante bulgara Kate Witt, il cantante dei Panteon Rococo, Dr.Shenka o il Mariachi della Germania &#8220;El Dorado&#8221;.<\/p>\n<p>Attualmente hanno realizzato un nuovo LP &#8220;Team Muertos&#8221; con canzoni inedite e un remix della canzone &#8220;Pedro Infante Ska&#8221;, che si pu\u00f2 sentire in diversi social Media.<br \/>\nI membri attuali della band sono: Peter Schwartz, Dami\u00e1n Sardo, Ike Gr\u00fcmke, Fernando Soto, Isaac Mart\u00ednez, Juli\u00e1n y el Kurt, Mauricio Priet e H\u00e9ctor Jaimes.<\/p>\n<\/div>\n<div id=\"artistmusic\" style=\"height: 250px;\"><\/div>\n<div id=\"artistvideos\">\n<h1>Videos:<\/h1>\n<div class=\"artistvideo\">\n<div class=\"postvideo\">\n<div class=\"video-container\">\n<iframe loading=\"lazy\" width=\"560\" height=\"315\" src=\"https:\/\/www.youtube.com\/embed\/SW1-w90wavM\" frameborder=\"0\" gesture=\"media\" allow=\"encrypted-media\" allowfullscreen><\/iframe>\n<\/div>\n<\/div>\n<\/div>\n<\/div>\n<div id=\"artistlinks\">\n<h1>Links:<\/h1>\n<p>Fanpage: <a href=\"https:\/\/www.facebook.com\/lacalzadadelosmuertos\/\" target=\"_blank\" rel=\"noreferrer\">https:\/\/www.facebook.com\/lacalzadadelosmuertos<\/a><\/p>\n<\/div>\n","protected":false},"excerpt":{"rendered":"<p>La Calzada de los Muertos una band di musica latinoamericana, nata a Berlino, capace di amalgamare ritmi alternativi quali il rock, il punk, lo ska, il funk e il rap con il merengue, la salsa e la cumbia. Ritmi latini e alternativi mescolati con qualche pizzico di folklore europeo. Nati come trio nel 2004, H\u00e9ctor Jaimes \u201cEl P\u00edpila\u201d alla tastiera, Isaac Mart\u00ednez alla chitarra e Fernando Soto alle percussioni e voce, hanno coinvolto con il tempo altri musicisti e sono adesso una Band molto numerosa. Un gruppo che sempre ha<a class=\"read-more\" href=\"https:\/\/www.lavikina.com\/it\/musica\/calzada-de-los-muertos\/\"> [&#8230;]<\/a><\/p>\n","protected":false},"author":3,"featured_media":519,"parent":176,"menu_order":0,"comment_status":"closed","ping_status":"closed","template":"page-artistamusica.php","meta":{"footnotes":""},"class_list":["post-362","page","type-page","status-publish","has-post-thumbnail","hentry"],"_links":{"self":[{"href":"https:\/\/www.lavikina.com\/it\/wp-json\/wp\/v2\/pages\/362","targetHints":{"allow":["GET"]}}],"collection":[{"href":"https:\/\/www.lavikina.com\/it\/wp-json\/wp\/v2\/pages"}],"about":[{"href":"https:\/\/www.lavikina.com\/it\/wp-json\/wp\/v2\/types\/page"}],"author":[{"embeddable":true,"href":"https:\/\/www.lavikina.com\/it\/wp-json\/wp\/v2\/users\/3"}],"replies":[{"embeddable":true,"href":"https:\/\/www.lavikina.com\/it\/wp-json\/wp\/v2\/comments?post=362"}],"version-history":[{"count":15,"href":"https:\/\/www.lavikina.com\/it\/wp-json\/wp\/v2\/pages\/362\/revisions"}],"predecessor-version":[{"id":753,"href":"https:\/\/www.lavikina.com\/it\/wp-json\/wp\/v2\/pages\/362\/revisions\/753"}],"up":[{"embeddable":true,"href":"https:\/\/www.lavikina.com\/it\/wp-json\/wp\/v2\/pages\/176"}],"wp:featuredmedia":[{"embeddable":true,"href":"https:\/\/www.lavikina.com\/it\/wp-json\/wp\/v2\/media\/519"}],"wp:attachment":[{"href":"https:\/\/www.lavikina.com\/it\/wp-json\/wp\/v2\/media?parent=362"}],"curies":[{"name":"wp","href":"https:\/\/api.w.org\/{rel}","templated":true}]}}