{"id":438,"date":"2016-09-29T00:48:55","date_gmt":"2016-09-28T22:48:55","guid":{"rendered":"https:\/\/www.lavikina.com\/it\/?page_id=438"},"modified":"2018-03-21T22:39:50","modified_gmt":"2018-03-21T21:39:50","slug":"red-booster","status":"publish","type":"page","link":"https:\/\/www.lavikina.com\/it\/musica\/red-booster\/","title":{"rendered":"Red Booster"},"content":{"rendered":"<div id=\"artistbiography\"><img loading=\"lazy\" decoding=\"async\" class=\"alignleft size-full\" src=\"https:\/\/www.lavikina.com\/wp-content\/uploads\/2016\/09\/red_booster.jpg\" alt=\"Red Booster\" width=\"300\" height=\"312\" \/>Red Booster \u00e8 una band Rock- Funk- Psichedelica nata nell\u2019estate 2014 a Berlino (Germania). E\u2019 conosciuta nel campo delle band \u201cfai da te\u201d, perch\u00e9 realizza in modo indipendente il proprio lavoro in tutte le sue fasi: dalla composizione musicale al processo di registrazione e produzione fino alla commercializzazione con il proprio marchio RB R\u00e9cord.<\/p>\n<p>I membri della band sono:<br \/>\nH\u00e9ctor Verd\u00fa Gaianes (Bateria e Percusioni), Valencia (Spagna)<br \/>\nJoel Alejandro C. Vardjian (Basso), Buenos Aires (Argentina)<br \/>\n\u00c1lvaro D. I\u00f1igo Jerez de la Fra (Chitarra, Voci, Testi), Andalusia (Spagna)<\/p>\n<p>Lo stile di Red Booster \u00e8 difficile da catalogare, carico di energia ed elementi sperimentali, pu\u00f2 passare attraverso qualsiasi stile, avendo il Rock espressivo come base fondamentale. I brani dei RB sono avvolti in un\u2019aura ipnotica di elementi progressivi e ognuno di loro comunica una esperienza nuova, marchio genuino che identifica la band.<\/p>\n<p>I testi dei Red Booster mostrano ribellione contro i limiti stabiliti da una societ\u00e0 disumana e la sua costante trasmissione di valori equivoci che hanno come fine il controllo e l\u2019annullamento dell\u00b4individuo. In ogni frase si rivela un atteggiamento intollerante verso i grandi poteri. A volte sono evocati paesaggi emozionali carichi di messaggi vitali, di bisogno urgente d\u00b4amore o sentimenti incontrati attraverso un viaggio di sentimenti positivi carico di speranza.<\/p>\n<p>Attualmente Red Booster lavora alla pubblicazione del suo primo album di lunga durata, previsto per ottobre 2016 e che sar\u00e0 affiancato dalla creazione di spettacoli dal vivo e dalla realizzazione di documentari e multimedia.\n<\/p><\/div>\n<p><img loading=\"lazy\" decoding=\"async\" src=\"https:\/\/www.lavikina.com\/wp-content\/uploads\/2017\/04\/RedBooster-FusionLenta400.jpg\" alt=\"\" width=\"400\" height=\"400\" class=\"aligncenter size-full wp-image-1073\" \/><\/p>\n<div id=\"artistmusic\" style=\"height: 280px;\"><\/div>\n<div id=\"artistvideos\">\n<h1>Videos:<\/h1>\n<div class=\"artistvideo\">\n<div class=\"postvideo\">\n<div class=\"video-container\">\n<iframe loading=\"lazy\" width=\"560\" height=\"315\" src=\"https:\/\/www.youtube.com\/embed\/zc9cqzkLGSA\" frameborder=\"0\" gesture=\"media\" allow=\"encrypted-media\" allowfullscreen><\/iframe>\n<\/div>\n<\/div>\n<div class=\"postvideo\">\n<div class=\"video-container\">\n<iframe loading=\"lazy\" width=\"560\" height=\"315\" src=\"https:\/\/www.youtube.com\/embed\/oH1bfbRXPns\" frameborder=\"0\" gesture=\"media\" allow=\"encrypted-media\" allowfullscreen><\/iframe>\n<\/div>\n<\/div>\n<\/div>\n<\/div>\n<div id=\"artistlinks\">\n<h1>Links:<\/h1>\n<p>Fanpage: <a href=\"https:\/\/www.redbooster.net\" target=\"_blank\" rel=\"noreferrer\">https:\/\/www.redbooster.net<\/a>\n<\/div>\n","protected":false},"excerpt":{"rendered":"<p>Red Booster \u00e8 una band Rock- Funk- Psichedelica nata nell\u2019estate 2014 a Berlino (Germania). E\u2019 conosciuta nel campo delle band \u201cfai da te\u201d, perch\u00e9 realizza in modo indipendente il proprio lavoro in tutte le sue fasi: dalla composizione musicale al processo di registrazione e produzione fino alla commercializzazione con il proprio marchio RB R\u00e9cord. I membri della band sono: H\u00e9ctor Verd\u00fa Gaianes (Bateria e Percusioni), Valencia (Spagna) Joel Alejandro C. Vardjian (Basso), Buenos Aires (Argentina) \u00c1lvaro D. I\u00f1igo Jerez de la Fra (Chitarra, Voci, Testi), Andalusia (Spagna) Lo stile di<a class=\"read-more\" href=\"https:\/\/www.lavikina.com\/it\/musica\/red-booster\/\"> [&#8230;]<\/a><\/p>\n","protected":false},"author":3,"featured_media":490,"parent":176,"menu_order":0,"comment_status":"closed","ping_status":"closed","template":"page-artistamusica.php","meta":{"footnotes":""},"class_list":["post-438","page","type-page","status-publish","has-post-thumbnail","hentry"],"_links":{"self":[{"href":"https:\/\/www.lavikina.com\/it\/wp-json\/wp\/v2\/pages\/438","targetHints":{"allow":["GET"]}}],"collection":[{"href":"https:\/\/www.lavikina.com\/it\/wp-json\/wp\/v2\/pages"}],"about":[{"href":"https:\/\/www.lavikina.com\/it\/wp-json\/wp\/v2\/types\/page"}],"author":[{"embeddable":true,"href":"https:\/\/www.lavikina.com\/it\/wp-json\/wp\/v2\/users\/3"}],"replies":[{"embeddable":true,"href":"https:\/\/www.lavikina.com\/it\/wp-json\/wp\/v2\/comments?post=438"}],"version-history":[{"count":10,"href":"https:\/\/www.lavikina.com\/it\/wp-json\/wp\/v2\/pages\/438\/revisions"}],"predecessor-version":[{"id":756,"href":"https:\/\/www.lavikina.com\/it\/wp-json\/wp\/v2\/pages\/438\/revisions\/756"}],"up":[{"embeddable":true,"href":"https:\/\/www.lavikina.com\/it\/wp-json\/wp\/v2\/pages\/176"}],"wp:featuredmedia":[{"embeddable":true,"href":"https:\/\/www.lavikina.com\/it\/wp-json\/wp\/v2\/media\/490"}],"wp:attachment":[{"href":"https:\/\/www.lavikina.com\/it\/wp-json\/wp\/v2\/media?parent=438"}],"curies":[{"name":"wp","href":"https:\/\/api.w.org\/{rel}","templated":true}]}}